{"id":192,"date":"2026-04-02T12:33:54","date_gmt":"2026-04-02T10:33:54","guid":{"rendered":"https:\/\/www.dicis-ag.de\/?page_id=192"},"modified":"2026-04-16T14:38:23","modified_gmt":"2026-04-16T12:38:23","slug":"was-ist-risikomanagement","status":"publish","type":"page","link":"https:\/\/www.dicisgroup.com\/de\/was-ist-risikomanagement\/","title":{"rendered":"Risikomanagement einfach erkl\u00e4rt \u2013 Einf\u00fchrung &#038; Beispiele | DICIS AG"},"content":{"rendered":"<p><div class=\"fusion-fullwidth fullwidth-box fusion-builder-row-1 fusion-flex-container has-pattern-background has-mask-background fusion-parallax-none nonhundred-percent-fullwidth non-hundred-percent-height-scrolling\" style=\"--awb-background-position:center top;--awb-border-radius-top-left:0px;--awb-border-radius-top-right:0px;--awb-border-radius-bottom-right:0px;--awb-border-radius-bottom-left:0px;--awb-padding-top:200px;--awb-padding-bottom:100px;--awb-margin-top:-160px;--awb-background-color:rgba(255,255,255,0);--awb-background-image:linear-gradient(90deg, rgba(15,84,131,0.9) 0%,rgba(16,55,82,0.9) 100%),url(https:\/\/www.dicis-ag.de\/wp-content\/uploads\/2026\/04\/header-background-4.png);;--awb-background-size:cover;--awb-flex-wrap:wrap;\" ><div class=\"fusion-builder-row fusion-row fusion-flex-align-items-center fusion-flex-content-wrap\" style=\"max-width:1216.8px;margin-left: calc(-4% \/ 2 );margin-right: calc(-4% \/ 2 );\"><div class=\"fusion-layout-column fusion_builder_column fusion-builder-column-0 fusion_builder_column_2_3 2_3 fusion-flex-column\" style=\"--awb-bg-size:cover;--awb-width-large:66.666666666667%;--awb-margin-top-large:0px;--awb-spacing-right-large:0%;--awb-margin-bottom-large:20px;--awb-spacing-left-large:2.88%;--awb-width-medium:100%;--awb-order-medium:0;--awb-spacing-right-medium:1.92%;--awb-spacing-left-medium:1.92%;--awb-width-small:100%;--awb-order-small:0;--awb-spacing-right-small:1.92%;--awb-spacing-left-small:1.92%;\" data-scroll-devices=\"small-visibility,medium-visibility,large-visibility\"><div class=\"fusion-column-wrapper fusion-column-has-shadow fusion-flex-justify-content-flex-start fusion-content-layout-column\"><div class=\"fusion-title title fusion-title-1 fusion-sep-none fusion-title-text fusion-title-size-two\" style=\"--awb-text-color:var(--awb-custom_color_3);--awb-margin-top-small:0px;--awb-margin-right-small:0px;--awb-margin-bottom-small:20px;--awb-margin-left-small:0px;--awb-font-size:52px;\"><h2 class=\"fusion-title-heading title-heading-left fusion-responsive-typography-calculated\" style=\"font-family:&quot;Poppins&quot;;font-style:normal;font-weight:700;margin:0;font-size:1em;--fontSize:52;line-height:1.21;\">Risikomanagement einfach erkl\u00e4rt \u2013 Einf\u00fchrung &#038; Beispiele | DICIS AG<\/h2><\/div><nav class=\"fusion-breadcrumbs fusion-breadcrumbs-1\" style=\"--awb-font-size:16px;--awb-text-hover-color:var(--awb-color5);--awb-text-color:var(--awb-custom_color_2);--awb-breadcrumb-sep:&#039;&gt;&#039;;\" aria-label=\"Breadcrumb\"><ol class=\"awb-breadcrumb-list\"><li class=\"fusion-breadcrumb-item awb-breadcrumb-sep awb-home\" ><a href=\"https:\/\/www.dicisgroup.com\/de\/\" class=\"fusion-breadcrumb-link\"><span >Home<\/span><\/a><\/li><\/ol><\/nav><\/div><\/div><\/div><\/div><div class=\"fusion-fullwidth fullwidth-box fusion-builder-row-2 fusion-flex-container has-pattern-background has-mask-background nonhundred-percent-fullwidth non-hundred-percent-height-scrolling\" style=\"--awb-border-radius-top-left:0px;--awb-border-radius-top-right:0px;--awb-border-radius-bottom-right:0px;--awb-border-radius-bottom-left:0px;--awb-padding-top:80px;--awb-padding-bottom:40px;--awb-margin-top:-60px;--awb-background-color:var(--awb-custom_color_3);--awb-flex-wrap:wrap;\" ><div class=\"fusion-builder-row fusion-row fusion-flex-align-items-flex-start fusion-flex-content-wrap\" style=\"max-width:1216.8px;margin-left: calc(-4% \/ 2 );margin-right: calc(-4% \/ 2 );\"><div class=\"fusion-layout-column fusion_builder_column fusion-builder-column-1 fusion_builder_column_1_1 1_1 fusion-flex-column\" style=\"--awb-bg-blend:overlay;--awb-bg-size:cover;--awb-width-large:100%;--awb-margin-top-large:0px;--awb-spacing-right-large:1.92%;--awb-margin-bottom-large:20px;--awb-spacing-left-large:1.92%;--awb-width-medium:100%;--awb-spacing-right-medium:1.92%;--awb-spacing-left-medium:1.92%;--awb-width-small:100%;--awb-spacing-right-small:1.92%;--awb-spacing-left-small:1.92%;\"><div class=\"fusion-column-wrapper fusion-flex-justify-content-flex-start fusion-content-layout-column\"><div class=\"fusion-text fusion-text-1\"><h1 style=\"text-align: center;\">Was ist Risikomanagement?<\/h1>\n<\/div><\/div><\/div><div class=\"fusion-layout-column fusion_builder_column fusion-builder-column-2 fusion_builder_column_1_1 1_1 fusion-flex-column\" style=\"--awb-bg-blend:overlay;--awb-bg-size:cover;--awb-width-large:100%;--awb-margin-top-large:0px;--awb-spacing-right-large:1.92%;--awb-margin-bottom-large:20px;--awb-spacing-left-large:1.92%;--awb-width-medium:100%;--awb-spacing-right-medium:1.92%;--awb-spacing-left-medium:1.92%;--awb-width-small:100%;--awb-spacing-right-small:1.92%;--awb-spacing-left-small:1.92%;\"><div class=\"fusion-column-wrapper fusion-flex-justify-content-flex-start fusion-content-layout-column\"><div class=\"fusion-text fusion-text-2\"><p>Risikomanagement hilft Unternehmen, operative, rechtliche und prozessuale Risiken zu identifizieren und durch vorbeugende Ma\u00dfnahmen zu vermindern. Es ist ein wichtiger Bestandteil eines\u00a0<a href=\"https:\/\/www.dicisgroup.com\/de\/was-ist-qualitaetsmanagement\/\" rel=\"noopener noreferrer\">Qualit\u00e4tsmanagements<\/a>\u00a0und eines\u00a0<a href=\"https:\/\/www.dicisgroup.com\/de\/was-ist-ein-qualitaetsmanagementsystem\/\" rel=\"noopener noreferrer\">Qualit\u00e4tsmanagementsystems<\/a>. Die intensive Auseinandersetzung mit Unternehmensrisiken ist beispielsweise eine zwingende Voraussetzung f\u00fcr eine\u00a0<a href=\"https:\/\/www.dicisgroup.com\/de\/was-ist-iso-9001-2026\/\" rel=\"noopener noreferrer\">Zertifizierung nach ISO 9001:2026<\/a>.<\/p>\n<p>Zum Risikomanagement geh\u00f6rt auch der Blick auf die Chancenseite. In der Revision <a href=\"https:\/\/www.dicisgroup.com\/de\/was-ist-iso-9001-2026\/\">ISO 9001:2026<\/a> wird dieser Aspekt sogar noch einmal deutlich gesch\u00e4rft. Es geht nicht nur darum, Risiken zu vermeiden, sondern vor allem auch, Chancen zu identifizieren. Damit ist Risikomanagement ein Treiber unternehmensinterner Innovation\u00a0sowie der\u00a0<a href=\"https:\/\/www.dicisgroup.com\/de\/kvp-kontinuierlicher-verbesserungsprozess\/\">kontinuierlichen Verbesserung<\/a>: Unternehmen, die Risiken und Chancen erkennen sowie\u00a0Ideen entwickeln um diese zu \u00fcberwinden, erhalten neue Ideen f\u00fcr die\u00a0<a href=\"https:\/\/www.dicisgroup.com\/de\/prozessoptimierung\/\">Prozessoptimierung.<\/a><\/p>\n<p>Eine ISO 9001 Zertifizierung fordert kein explizites Risikomanagement, jedoch ein risikobasiertes Denken. (Hinweis: Diese Inhalte wurden von https:\/\/www.innolytics.de\/was-ist-risikomanagement\/ \u00fcbernommen und erweitert.)<\/p>\n<\/div><\/div><\/div><div class=\"fusion-layout-column fusion_builder_column fusion-builder-column-3 fusion_builder_column_1_1 1_1 fusion-flex-column\" style=\"--awb-bg-size:cover;--awb-width-large:100%;--awb-margin-top-large:20px;--awb-spacing-right-large:1.92%;--awb-margin-bottom-large:20px;--awb-spacing-left-large:1.92%;--awb-width-medium:100%;--awb-order-medium:0;--awb-spacing-right-medium:1.92%;--awb-spacing-left-medium:1.92%;--awb-width-small:100%;--awb-order-small:0;--awb-spacing-right-small:1.92%;--awb-spacing-left-small:1.92%;\" data-scroll-devices=\"small-visibility,medium-visibility,large-visibility\"><div class=\"fusion-column-wrapper fusion-column-has-shadow fusion-flex-justify-content-flex-start fusion-content-layout-column\"><div style=\"text-align:center;\"><a class=\"fusion-button button-flat button-xlarge button-custom fusion-button-default button-1 fusion-button-default-span fusion-button-default-type\" style=\"--button_accent_color:#ffffff;--button_border_color:#ff6600;--button_accent_hover_color:#ffffff;--button_border_hover_color:#ff944d;--button_border_width-top:2px;--button_border_width-right:2px;--button_border_width-bottom:2px;--button_border_width-left:2px;--button-border-radius-top-left:10px;--button-border-radius-top-right:10px;--button-border-radius-bottom-right:10px;--button-border-radius-bottom-left:10px;--button_gradient_top_color:#ff6600;--button_gradient_bottom_color:#ff6600;--button_gradient_top_color_hover:#ff944d;--button_gradient_bottom_color_hover:#ff944d;\" target=\"_self\" href=\"https:\/\/www.dicisgroup.com\/de\/iso-9001-zertifizierung\/\"><span class=\"fusion-button-text awb-button__text awb-button__text--default\">INFORMATIONEN ZUR ISO 9001 ZERTIFIZIERUNG<\/span><\/a><\/div><\/div><\/div><\/div><\/div><div class=\"fusion-fullwidth fullwidth-box fusion-builder-row-3 fusion-flex-container has-pattern-background has-mask-background nonhundred-percent-fullwidth non-hundred-percent-height-scrolling\" style=\"--awb-border-radius-top-left:0px;--awb-border-radius-top-right:0px;--awb-border-radius-bottom-right:0px;--awb-border-radius-bottom-left:0px;--awb-background-color:var(--awb-custom_color_3);--awb-flex-wrap:wrap;\" ><div class=\"fusion-builder-row fusion-row fusion-flex-align-items-flex-start fusion-flex-content-wrap\" style=\"max-width:1216.8px;margin-left: calc(-4% \/ 2 );margin-right: calc(-4% \/ 2 );\"><div class=\"fusion-layout-column fusion_builder_column fusion-builder-column-4 fusion_builder_column_1_1 1_1 fusion-flex-column\" style=\"--awb-bg-size:cover;--awb-width-large:100%;--awb-margin-top-large:0px;--awb-spacing-right-large:1.92%;--awb-margin-bottom-large:20px;--awb-spacing-left-large:1.92%;--awb-width-medium:100%;--awb-spacing-right-medium:1.92%;--awb-spacing-left-medium:1.92%;--awb-width-small:100%;--awb-spacing-right-small:1.92%;--awb-spacing-left-small:1.92%;\"><div class=\"fusion-column-wrapper fusion-column-has-shadow fusion-flex-justify-content-flex-start fusion-content-layout-column\"><div class=\"fusion-title title fusion-title-2 fusion-sep-none fusion-title-text fusion-title-size-two\" style=\"--awb-margin-bottom:10px;--awb-margin-top-small:0px;--awb-margin-right-small:0px;--awb-margin-bottom-small:20px;--awb-margin-left-small:0px;--awb-font-size:36px;\"><h2 class=\"fusion-title-heading title-heading-left fusion-responsive-typography-calculated\" style=\"font-family:&quot;Poppins&quot;;font-style:normal;font-weight:600;margin:0;font-size:1em;--fontSize:36;line-height:1.5;\"><h2>Was sind die Grundlagen eines Risikomanagements?<\/h2><\/h2><\/div><div class=\"fusion-text fusion-text-3\"><p>Dass sich das aktive Management von Risiken durch alle T\u00e4tigkeiten eines Unternehmens zieht, ist ein wichtiger Teil der <span class=\"fusion-popover popover-1\" title=\"\" data-animation=\"1\" data-class=\"popover-1\" data-container=\"popover-1\" data-content=\"Erfahren Sie, welche Gedanken hinter der ISO 9001 Norm stecken.\" data-delay=\"50\" data-placement=\"top\" data-toggle=\"popover\" data-trigger=\"hover\" data-original-title=\"\"><a href=\"https:\/\/www.dicisgroup.com\/de\/iso-9001-philosophie\/\" target=\"_blank\" rel=\"noopener\">ISO 9001 Philosophie<\/a><\/span>. Unternehmen sind angehalten, sich mit Risiken in ihren\u00a0<a href=\"https:\/\/www.dicisgroup.com\/de\/was-sind-geschaeftsprozesse\/\" target=\"_blank\" rel=\"noopener\">Gesch\u00e4ftsprozessen<\/a>\u00a0und in ihren M\u00e4rkten auseinanderzusetzen. Mit\u00a0<a href=\"https:\/\/www.iso.org\/iso-31000-risk-management.html\" target=\"_blank\" rel=\"noopener noreferrer\">ISO 31000: 2018<\/a>\u00a0hat die International Organization for Standardization Leitlinien f\u00fcr die Behandlung von Risiken, denen Organisationen ausgesetzt sind, erlassen. Risikomanagement ist auch ein wichtiger Teil anderer ISO-Normen wie\u00a0<a href=\"https:\/\/www.dicisgroup.com\/de\/was-ist-ein-informationssicherheitsmanagementsystem\/\" target=\"_blank\" rel=\"noopener\">ISO 27001 (Informationssicherheit)<\/a>\u00a0und\u00a0ISO 14001:2026.<\/p>\n<\/div><\/div><\/div><\/div><\/div><div class=\"fusion-fullwidth fullwidth-box fusion-builder-row-4 fusion-flex-container has-pattern-background has-mask-background nonhundred-percent-fullwidth non-hundred-percent-height-scrolling\" style=\"--awb-border-radius-top-left:0px;--awb-border-radius-top-right:0px;--awb-border-radius-bottom-right:0px;--awb-border-radius-bottom-left:0px;--awb-background-color:var(--awb-custom_color_3);--awb-flex-wrap:wrap;\" ><div class=\"fusion-builder-row fusion-row fusion-flex-align-items-flex-start fusion-flex-content-wrap\" style=\"max-width:1216.8px;margin-left: calc(-4% \/ 2 );margin-right: calc(-4% \/ 2 );\"><div class=\"fusion-layout-column fusion_builder_column fusion-builder-column-5 fusion_builder_column_1_1 1_1 fusion-flex-column\" style=\"--awb-bg-size:cover;--awb-width-large:100%;--awb-margin-top-large:0px;--awb-spacing-right-large:1.92%;--awb-margin-bottom-large:20px;--awb-spacing-left-large:1.92%;--awb-width-medium:100%;--awb-spacing-right-medium:1.92%;--awb-spacing-left-medium:1.92%;--awb-width-small:100%;--awb-spacing-right-small:1.92%;--awb-spacing-left-small:1.92%;\"><div class=\"fusion-column-wrapper fusion-column-has-shadow fusion-flex-justify-content-flex-start fusion-content-layout-column\"><div class=\"fusion-title title fusion-title-3 fusion-sep-none fusion-title-text fusion-title-size-two\" style=\"--awb-margin-bottom:10px;--awb-margin-top-small:0px;--awb-margin-right-small:0px;--awb-margin-bottom-small:20px;--awb-margin-left-small:0px;--awb-font-size:36px;\"><h2 class=\"fusion-title-heading title-heading-left fusion-responsive-typography-calculated\" style=\"font-family:&quot;Poppins&quot;;font-style:normal;font-weight:600;margin:0;font-size:1em;--fontSize:36;line-height:1.5;\"><h2>Welche ISO-Norm fordert ein Risikomanagement?<\/h2><\/h2><\/div><div class=\"fusion-text fusion-text-4\"><p>Das Risikomanagement hat mit ISO 31001 zwar eine eigenst\u00e4ndige Norm. Zugleich ist es aber Bestandteil vieler anderer ISO-Normen. Das hat einen einfachen Grund: Risikomanagement ist ein wichtiger Teil des unternehmerischen Handelns.<\/p>\n<p>Chancen und Risiken gegeneinander abzuw\u00e4gen und Entscheidungen nach einer sorgf\u00e4ltigen Abw\u00e4gung zu treffen, ist Bestandteil vieler Managementmethoden. Zwei Beispiele:<\/p>\n<\/div><\/div><\/div><div class=\"fusion-layout-column fusion_builder_column fusion-builder-column-6 fusion_builder_column_1_1 1_1 fusion-flex-column\" style=\"--awb-bg-size:cover;--awb-width-large:100%;--awb-margin-top-large:0px;--awb-spacing-right-large:1.92%;--awb-margin-bottom-large:20px;--awb-spacing-left-large:1.92%;--awb-width-medium:100%;--awb-spacing-right-medium:1.92%;--awb-spacing-left-medium:1.92%;--awb-width-small:100%;--awb-spacing-right-small:1.92%;--awb-spacing-left-small:1.92%;\"><div class=\"fusion-column-wrapper fusion-column-has-shadow fusion-flex-justify-content-flex-start fusion-content-layout-column\"><ul style=\"--awb-size:16px;--awb-iconcolor:#ff6600;--awb-line-height:27.2px;--awb-icon-width:27.2px;--awb-icon-height:27.2px;--awb-icon-margin:11.2px;--awb-content-margin:38.4px;\" class=\"fusion-checklist fusion-checklist-1 fusion-checklist-default type-icons\"><li class=\"fusion-li-item\" style=\"\"><span class=\"icon-wrapper circle-no\"><i class=\"fusion-li-icon fa-angle-right fas\" aria-hidden=\"true\"><\/i><\/span><div class=\"fusion-li-item-content\">\n<p>Mit der sogenannten SWOT-Analyse bewerten Unternehmen ihre St\u00e4rken und Schw\u00e4chen sowie Chancen und Risiken in bestimmten Situationen.<\/p>\n<\/div><\/li><li class=\"fusion-li-item\" style=\"\"><span class=\"icon-wrapper circle-no\"><i class=\"fusion-li-icon fa-angle-right fas\" aria-hidden=\"true\"><\/i><\/span><div class=\"fusion-li-item-content\">\n<p>Die sogenannte PEST-Analyse setzt sich mit politischen, \u00f6konomischen, sozialen und technologischen Entwicklungen auseinander. Auch hier ist die Bewertung von Risiken ein wichtiger Teil.<\/p>\n<\/div><\/li><\/ul><\/div><\/div><div class=\"fusion-layout-column fusion_builder_column fusion-builder-column-7 fusion_builder_column_1_1 1_1 fusion-flex-column\" style=\"--awb-bg-size:cover;--awb-width-large:100%;--awb-margin-top-large:0px;--awb-spacing-right-large:1.92%;--awb-margin-bottom-large:20px;--awb-spacing-left-large:1.92%;--awb-width-medium:100%;--awb-spacing-right-medium:1.92%;--awb-spacing-left-medium:1.92%;--awb-width-small:100%;--awb-spacing-right-small:1.92%;--awb-spacing-left-small:1.92%;\"><div class=\"fusion-column-wrapper fusion-column-has-shadow fusion-flex-justify-content-flex-start fusion-content-layout-column\"><div class=\"fusion-text fusion-text-5\"><p>Beim Risikomanagement handelt es sich daher nicht um eine einheitliche Managementdisziplin, die isoliert von anderen Unternehmensaktivit\u00e4ten betrachtet werden kann. Vielmehr ist Risikomanagement ein essenzieller Bestandteil aller Unternehmensaktivit\u00e4ten.<\/p>\n<\/div><\/div><\/div><\/div><\/div><div class=\"fusion-fullwidth fullwidth-box fusion-builder-row-5 fusion-flex-container has-pattern-background has-mask-background nonhundred-percent-fullwidth non-hundred-percent-height-scrolling\" style=\"--awb-border-radius-top-left:0px;--awb-border-radius-top-right:0px;--awb-border-radius-bottom-right:0px;--awb-border-radius-bottom-left:0px;--awb-padding-top:40px;--awb-padding-bottom:80px;--awb-margin-bottom:-80px;--awb-background-color:var(--awb-custom_color_3);--awb-flex-wrap:wrap;\" ><div class=\"fusion-builder-row fusion-row fusion-flex-align-items-flex-start fusion-flex-content-wrap\" style=\"max-width:1216.8px;margin-left: calc(-4% \/ 2 );margin-right: calc(-4% \/ 2 );\"><div class=\"fusion-layout-column fusion_builder_column fusion-builder-column-8 fusion_builder_column_1_1 1_1 fusion-flex-column\" style=\"--awb-bg-blend:overlay;--awb-bg-size:cover;--awb-width-large:100%;--awb-margin-top-large:0px;--awb-spacing-right-large:1.92%;--awb-margin-bottom-large:20px;--awb-spacing-left-large:1.92%;--awb-width-medium:100%;--awb-spacing-right-medium:1.92%;--awb-spacing-left-medium:1.92%;--awb-width-small:100%;--awb-spacing-right-small:1.92%;--awb-spacing-left-small:1.92%;\"><div class=\"fusion-column-wrapper fusion-flex-justify-content-flex-start fusion-content-layout-column\"><div class=\"fusion-title title fusion-title-4 fusion-sep-none fusion-title-text fusion-title-size-two\" style=\"--awb-margin-bottom:10px;--awb-margin-top-small:0px;--awb-margin-right-small:0px;--awb-margin-bottom-small:20px;--awb-margin-left-small:0px;--awb-font-size:36px;\"><h2 class=\"fusion-title-heading title-heading-left fusion-responsive-typography-calculated\" style=\"font-family:&quot;Poppins&quot;;font-style:normal;font-weight:600;margin:0;font-size:1em;--fontSize:36;line-height:1.5;\"><h2>Wie funktioniert Risikomanagement in der Praxis?<\/h2><\/h2><\/div><div class=\"fusion-text fusion-text-6\"><p>Ein Risikomanagement verfolgt das Ziel, realistische Annahmen \u00fcber die Risiken zu treffen, denen Unternehmen ausgesetzt sind. So wird beispielsweise im Innovationsprozess von Unternehmen das potenzielle Risiko von Neuerungen explizit mitbewertet. Die Ursache liegt auf der Hand: Innovation birgt kurzfristig gr\u00f6\u00dfere Risiken als die Fortsetzung des Erprobten und Bestehenden.<\/p>\n<p>Hier drei Beispiele f\u00fcr die Identifikation von Risiken im Risikomanagement.<\/p>\n<\/div><\/div><\/div><div class=\"fusion-layout-column fusion_builder_column fusion-builder-column-9 fusion_builder_column_1_1 1_1 fusion-flex-column\" style=\"--awb-bg-blend:overlay;--awb-bg-size:cover;--awb-width-large:100%;--awb-margin-top-large:0px;--awb-spacing-right-large:1.92%;--awb-margin-bottom-large:20px;--awb-spacing-left-large:1.92%;--awb-width-medium:100%;--awb-spacing-right-medium:1.92%;--awb-spacing-left-medium:1.92%;--awb-width-small:100%;--awb-spacing-right-small:1.92%;--awb-spacing-left-small:1.92%;\"><div class=\"fusion-column-wrapper fusion-flex-justify-content-flex-start fusion-content-layout-column\"><ul style=\"--awb-size:16px;--awb-iconcolor:#ff6600;--awb-line-height:27.2px;--awb-icon-width:27.2px;--awb-icon-height:27.2px;--awb-icon-margin:11.2px;--awb-content-margin:38.4px;\" class=\"fusion-checklist fusion-checklist-2 fusion-checklist-default type-icons\"><li class=\"fusion-li-item\" style=\"\"><span class=\"icon-wrapper circle-no\"><i class=\"fusion-li-icon fa-exclamation-triangle fas\" aria-hidden=\"true\"><\/i><\/span><div class=\"fusion-li-item-content\">\n<p><strong>Beispiel f\u00fcr operative Risiken<\/strong>: Ein Unternehmen m\u00f6chte seine Produktionskapazit\u00e4ten ausbauen und deshalb ein Geb\u00e4ude, das bisher als Lagerhalle f\u00fcr neue Teile genutzt wurde, zu einer weiteren Produktionsstra\u00dfe ausbauen. Lieferanten sollen Teile k\u00fcnftig verst\u00e4rkt \u201eJust-in-time\u201c anliefern, also direkt zum Produktionsbeginn. Die Chancen und Kosteneinsparungen werden sehr schnell deutlich. Ein Risikomanagement bewertet die potenziellen Risiken aus dieser Ver\u00e4nderung. So kann die Produktion stillstehen, wenn Teile nicht rechtzeitig angeliefert werden, fehlerhafte Teile k\u00f6nnen aufgrund geringer Lagerhaltung nicht so schnell gegen funktionierende ausgetauscht werden und das Unternehmen kann m\u00f6glicherweise Kundenauftr\u00e4ge nicht mehr zu den bisher m\u00f6glichen Lieferzeiten realisieren.<\/p>\n<\/div><\/li><li class=\"fusion-li-item\" style=\"\"><span class=\"icon-wrapper circle-no\"><i class=\"fusion-li-icon fa-exclamation-triangle fas\" aria-hidden=\"true\"><\/i><\/span><div class=\"fusion-li-item-content\">\n<p><strong>Beispiel f\u00fcr rechtliche Risiken<\/strong>: Unternehmen, die beispielsweise im Bereich der Arbeitssicherheit keine Gef\u00e4hrdungsbeurteilung erstellt und keine Fachkraft f\u00fcr Arbeitssicherheit bestellt haben, tragen das rechtliche Risiko, bei einer Kontrolle durch die Berufsgenossenschaft diese M\u00e4ngel innerhalb k\u00fcrzester Zeit abstellen zu m\u00fcssen und riskieren Bu\u00dfgelder.<\/p>\n<\/div><\/li><li class=\"fusion-li-item\" style=\"\"><span class=\"icon-wrapper circle-no\"><i class=\"fusion-li-icon fa-exclamation-triangle fas\" aria-hidden=\"true\"><\/i><\/span><div class=\"fusion-li-item-content\">\n<p><strong>Beispiel f\u00fcr prozessuale Risiken<\/strong>: Bei der Bearbeitung von Kundenbeschwerden \u00fcber Abteilungsgrenzen hinweg gehen wichtige Informationen verloren, die dem Unternehmen helfen k\u00f6nnten, die Kundenzufriedenheit mit Produkten und Angeboten zu steigern. Das prozessuale Risiko ergibt sich daraus, dass Informationen \u00fcber Kundenbeschwerden durch den festgelegten Prozess nicht zu den Gesch\u00e4ftseinheiten gelangen, die beispielsweise f\u00fcr die Produktentwicklung oder den Aufbau digitaler Gesch\u00e4ftsmodelle\u00a0zust\u00e4ndig sind.<\/p>\n<\/div><\/li><\/ul><\/div><\/div><div class=\"fusion-layout-column fusion_builder_column fusion-builder-column-10 fusion_builder_column_1_1 1_1 fusion-flex-column\" style=\"--awb-bg-blend:overlay;--awb-bg-size:cover;--awb-width-large:100%;--awb-margin-top-large:0px;--awb-spacing-right-large:1.92%;--awb-margin-bottom-large:20px;--awb-spacing-left-large:1.92%;--awb-width-medium:100%;--awb-spacing-right-medium:1.92%;--awb-spacing-left-medium:1.92%;--awb-width-small:100%;--awb-spacing-right-small:1.92%;--awb-spacing-left-small:1.92%;\"><div class=\"fusion-column-wrapper fusion-flex-justify-content-flex-start fusion-content-layout-column\"><div class=\"fusion-text fusion-text-7\"><p>Die Identifikation, Analyse und Behandlung von Risiken ist Bestandteil jeder Zertifizierung \u2013 unabh\u00e4ngig davon, ob es sich um ISO 9001, ISO 14001 oder ISO 27001 handelt. Damit ist Risikomanagement \u2013 ob formal ausgepr\u00e4gt oder als risikobasiertes Denken \u2013 die grundlegende Basis jeder Managementsystem-Zertifizierung.<\/p>\n<\/div><\/div><\/div><\/div><\/div><\/p>\n","protected":false},"excerpt":{"rendered":"","protected":false},"author":2,"featured_media":0,"parent":0,"menu_order":0,"comment_status":"closed","ping_status":"closed","template":"100-width.php","meta":{"footnotes":""},"class_list":["post-192","page","type-page","status-publish","hentry"],"_links":{"self":[{"href":"https:\/\/www.dicisgroup.com\/de\/wp-json\/wp\/v2\/pages\/192","targetHints":{"allow":["GET"]}}],"collection":[{"href":"https:\/\/www.dicisgroup.com\/de\/wp-json\/wp\/v2\/pages"}],"about":[{"href":"https:\/\/www.dicisgroup.com\/de\/wp-json\/wp\/v2\/types\/page"}],"author":[{"embeddable":true,"href":"https:\/\/www.dicisgroup.com\/de\/wp-json\/wp\/v2\/users\/2"}],"replies":[{"embeddable":true,"href":"https:\/\/www.dicisgroup.com\/de\/wp-json\/wp\/v2\/comments?post=192"}],"version-history":[{"count":10,"href":"https:\/\/www.dicisgroup.com\/de\/wp-json\/wp\/v2\/pages\/192\/revisions"}],"predecessor-version":[{"id":1736,"href":"https:\/\/www.dicisgroup.com\/de\/wp-json\/wp\/v2\/pages\/192\/revisions\/1736"}],"wp:attachment":[{"href":"https:\/\/www.dicisgroup.com\/de\/wp-json\/wp\/v2\/media?parent=192"}],"curies":[{"name":"wp","href":"https:\/\/api.w.org\/{rel}","templated":true}]}}