{"id":198,"date":"2026-04-02T12:43:15","date_gmt":"2026-04-02T10:43:15","guid":{"rendered":"https:\/\/www.dicis-ag.de\/?page_id=198"},"modified":"2026-04-16T14:39:36","modified_gmt":"2026-04-16T12:39:36","slug":"iso-9001-philosophie","status":"publish","type":"page","link":"https:\/\/www.dicisgroup.com\/de\/iso-9001-philosophie\/","title":{"rendered":"Warum gibt es ISO 9001? Einfach erkl\u00e4rt | DICIS AG"},"content":{"rendered":"<p><div class=\"fusion-fullwidth fullwidth-box fusion-builder-row-1 fusion-flex-container has-pattern-background has-mask-background fusion-parallax-none nonhundred-percent-fullwidth non-hundred-percent-height-scrolling\" style=\"--awb-background-position:center top;--awb-border-radius-top-left:0px;--awb-border-radius-top-right:0px;--awb-border-radius-bottom-right:0px;--awb-border-radius-bottom-left:0px;--awb-padding-top:200px;--awb-padding-bottom:100px;--awb-margin-top:-160px;--awb-background-color:rgba(255,255,255,0);--awb-background-image:linear-gradient(90deg, rgba(15,84,131,0.9) 0%,rgba(16,55,82,0.9) 100%),url(https:\/\/www.dicisgroup.com\/wp-content\/uploads\/2026\/04\/header-background-4.png);;--awb-background-size:cover;--awb-flex-wrap:wrap;\" ><div class=\"fusion-builder-row fusion-row fusion-flex-align-items-center fusion-flex-content-wrap\" style=\"max-width:1216.8px;margin-left: calc(-4% \/ 2 );margin-right: calc(-4% \/ 2 );\"><div class=\"fusion-layout-column fusion_builder_column fusion-builder-column-0 fusion_builder_column_2_3 2_3 fusion-flex-column\" style=\"--awb-bg-size:cover;--awb-width-large:66.666666666667%;--awb-margin-top-large:0px;--awb-spacing-right-large:0%;--awb-margin-bottom-large:20px;--awb-spacing-left-large:2.88%;--awb-width-medium:100%;--awb-order-medium:0;--awb-spacing-right-medium:1.92%;--awb-spacing-left-medium:1.92%;--awb-width-small:100%;--awb-order-small:0;--awb-spacing-right-small:1.92%;--awb-spacing-left-small:1.92%;\" data-scroll-devices=\"small-visibility,medium-visibility,large-visibility\"><div class=\"fusion-column-wrapper fusion-column-has-shadow fusion-flex-justify-content-flex-start fusion-content-layout-column\"><div class=\"fusion-title title fusion-title-1 fusion-sep-none fusion-title-text fusion-title-size-two\" style=\"--awb-text-color:var(--awb-custom_color_3);--awb-margin-top-small:0px;--awb-margin-right-small:0px;--awb-margin-bottom-small:20px;--awb-margin-left-small:0px;--awb-font-size:52px;\"><h2 class=\"fusion-title-heading title-heading-left fusion-responsive-typography-calculated\" style=\"font-family:&quot;Poppins&quot;;font-style:normal;font-weight:700;margin:0;font-size:1em;--fontSize:52;line-height:1.21;\">Warum gibt es ISO 9001? Einfach erkl\u00e4rt | DICIS AG<\/h2><\/div><nav class=\"fusion-breadcrumbs fusion-breadcrumbs-1\" style=\"--awb-font-size:16px;--awb-text-hover-color:var(--awb-color5);--awb-text-color:var(--awb-custom_color_2);--awb-breadcrumb-sep:&#039;&gt;&#039;;\" aria-label=\"Breadcrumb\"><ol class=\"awb-breadcrumb-list\"><li class=\"fusion-breadcrumb-item awb-breadcrumb-sep awb-home\" ><a href=\"https:\/\/www.dicisgroup.com\/de\/\" class=\"fusion-breadcrumb-link\"><span >Home<\/span><\/a><\/li><\/ol><\/nav><\/div><\/div><\/div><\/div>\n<div class=\"fusion-fullwidth fullwidth-box fusion-builder-row-2 fusion-flex-container has-pattern-background has-mask-background nonhundred-percent-fullwidth non-hundred-percent-height-scrolling\" style=\"--awb-border-radius-top-left:0px;--awb-border-radius-top-right:0px;--awb-border-radius-bottom-right:0px;--awb-border-radius-bottom-left:0px;--awb-padding-top:80px;--awb-margin-top:-60px;--awb-background-color:var(--awb-custom_color_3);--awb-flex-wrap:wrap;\" ><div class=\"fusion-builder-row fusion-row fusion-flex-align-items-flex-start fusion-flex-content-wrap\" style=\"max-width:1216.8px;margin-left: calc(-4% \/ 2 );margin-right: calc(-4% \/ 2 );\"><div class=\"fusion-layout-column fusion_builder_column fusion-builder-column-1 fusion_builder_column_1_1 1_1 fusion-flex-column\" style=\"--awb-bg-size:cover;--awb-width-large:100%;--awb-margin-top-large:0px;--awb-spacing-right-large:1.92%;--awb-margin-bottom-large:20px;--awb-spacing-left-large:1.92%;--awb-width-medium:100%;--awb-order-medium:0;--awb-spacing-right-medium:1.92%;--awb-spacing-left-medium:1.92%;--awb-width-small:100%;--awb-order-small:0;--awb-spacing-right-small:1.92%;--awb-spacing-left-small:1.92%;\"><div class=\"fusion-column-wrapper fusion-column-has-shadow fusion-flex-justify-content-flex-start fusion-content-layout-column\"><div class=\"fusion-title title fusion-title-2 fusion-sep-none fusion-title-text fusion-title-size-one\" style=\"--awb-margin-top-small:0px;--awb-margin-right-small:0px;--awb-margin-bottom-small:20px;--awb-margin-left-small:0px;\"><h1 class=\"fusion-title-heading title-heading-left fusion-responsive-typography-calculated\" style=\"margin:0;--fontSize:36;line-height:1.47;\"><h1 style=\"text-align: center;\">Was ist die Idee hinter ISO 9001?<\/h1><\/h1><\/div><\/div><\/div><div class=\"fusion-layout-column fusion_builder_column fusion-builder-column-2 fusion_builder_column_1_1 1_1 fusion-flex-column\" style=\"--awb-bg-size:cover;--awb-width-large:100%;--awb-margin-top-large:0px;--awb-spacing-right-large:1.92%;--awb-margin-bottom-large:20px;--awb-spacing-left-large:1.92%;--awb-width-medium:100%;--awb-order-medium:0;--awb-spacing-right-medium:1.92%;--awb-spacing-left-medium:1.92%;--awb-width-small:100%;--awb-order-small:0;--awb-spacing-right-small:1.92%;--awb-spacing-left-small:1.92%;\"><div class=\"fusion-column-wrapper fusion-column-has-shadow fusion-flex-justify-content-flex-start fusion-content-layout-column\"><div class=\"fusion-text fusion-text-1\"><p>Die Idee hinter ISO 9001 ist, dass ein Unternehmen seine Abl\u00e4ufe klar organisiert, damit Fehler vermieden und Ergebnisse zuverl\u00e4ssig erreicht werden. Statt Chaos und Zufall setzt die Norm auf strukturierte Prozesse, klare Verantwortlichkeiten und st\u00e4ndige Verbesserung \u2013 damit Kunden zufrieden sind und das Unternehmen langfristig erfolgreich arbeitet.<\/p>\n<p>(Hinweis: Diese Inhalte wurden von https:\/\/www.innolytics.de\/iso-9001-philosophie\/ \u00fcbernommen und erweitert.)<\/p>\n<p>ISO 9001 ist das weltweit verbreitetste und erfolgreichste <a href=\"https:\/\/www.dicisgroup.com\/de\/was-ist-ein-managementsystem\/\">Managementsystem<\/a>. Unternehmen weisen durch eine <a href=\"https:\/\/www.dicisgroup.com\/de\/was-ist-eine-iso-zertifizierung\/\">ISO-Zertifizierung<\/a> nach, dass sie die Standards im Qualit\u00e4tsmanagement einhalten.<\/p>\n<p>ISO 9001 hat in den vergangenen Jahren eine bemerkenswerte Entwicklung durchlaufen. Weg von einem b\u00fcrokratischen Dokumentationssystem mit starren Vorgaben hin zu einem strategischen Instrument, das insbesondere kleine und mittlere Unternehmen professionalisiert und ihnen klare Wettbewerbsvorteile verschafft. Sp\u00e4testens mit der Revision im Jahr 2026 wird diese Entwicklung deutlich sichtbar: Der Fokus verschiebt sich hin zu einer gelebten Qualit\u00e4tskultur, dem aktiven Ergreifen von Chancen und der gezielten St\u00e4rkung der Unternehmensstrategie.<\/p>\n<p>Hinter ISO 9001 steckt die Philosophie eines (fast) automatisch funktionierenden Unternehmens: klare Gesch\u00e4ftsprozesse, eindeutige Zust\u00e4ndigkeiten, hohe Kundenorientierung und kontinuierliche Verbesserung. Unternehmen, die diese Prinzipien konsequent umsetzen, schaffen sich echte Wettbewerbsvorteile und sind ihren Mitbewerbern oft einen entscheidenden Schritt voraus.<\/p>\n<\/div><\/div><\/div><\/div><\/div><div class=\"fusion-fullwidth fullwidth-box fusion-builder-row-3 fusion-flex-container has-pattern-background has-mask-background nonhundred-percent-fullwidth non-hundred-percent-height-scrolling\" style=\"--awb-border-radius-top-left:0px;--awb-border-radius-top-right:0px;--awb-border-radius-bottom-right:0px;--awb-border-radius-bottom-left:0px;--awb-background-color:var(--awb-custom_color_3);--awb-flex-wrap:wrap;\" ><div class=\"fusion-builder-row fusion-row fusion-flex-align-items-flex-start fusion-flex-content-wrap\" style=\"max-width:1216.8px;margin-left: calc(-4% \/ 2 );margin-right: calc(-4% \/ 2 );\"><div class=\"fusion-layout-column fusion_builder_column fusion-builder-column-3 fusion_builder_column_1_1 1_1 fusion-flex-column\" style=\"--awb-bg-size:cover;--awb-width-large:100%;--awb-margin-top-large:0px;--awb-spacing-right-large:1.92%;--awb-margin-bottom-large:20px;--awb-spacing-left-large:1.92%;--awb-width-medium:100%;--awb-order-medium:0;--awb-spacing-right-medium:1.92%;--awb-spacing-left-medium:1.92%;--awb-width-small:100%;--awb-order-small:0;--awb-spacing-right-small:1.92%;--awb-spacing-left-small:1.92%;\"><div class=\"fusion-column-wrapper fusion-column-has-shadow fusion-flex-justify-content-flex-start fusion-content-layout-column\"><div class=\"fusion-title title fusion-title-3 fusion-sep-none fusion-title-text fusion-title-size-two\" style=\"--awb-margin-top-small:0px;--awb-margin-right-small:0px;--awb-margin-bottom-small:20px;--awb-margin-left-small:0px;\"><h2 class=\"fusion-title-heading title-heading-left fusion-responsive-typography-calculated\" style=\"margin:0;--fontSize:28;line-height:1.21;\"><h2>Warum gibt es ISO 9001?<\/h2><\/h2><\/div><\/div><\/div><div class=\"fusion-layout-column fusion_builder_column fusion-builder-column-4 fusion_builder_column_1_1 1_1 fusion-flex-column\" style=\"--awb-bg-size:cover;--awb-width-large:100%;--awb-margin-top-large:0px;--awb-spacing-right-large:1.92%;--awb-margin-bottom-large:20px;--awb-spacing-left-large:1.92%;--awb-width-medium:100%;--awb-order-medium:0;--awb-spacing-right-medium:1.92%;--awb-spacing-left-medium:1.92%;--awb-width-small:100%;--awb-order-small:0;--awb-spacing-right-small:1.92%;--awb-spacing-left-small:1.92%;\"><div class=\"fusion-column-wrapper fusion-column-has-shadow fusion-flex-justify-content-flex-start fusion-content-layout-column\"><div class=\"fusion-text fusion-text-2\"><p>ISO 9001 ist ein internationaler Qualit\u00e4tsstandard, der Vertrauen zwischen Unternehmen und ihren Kunden schafft. Er stellt sicher, dass Abl\u00e4ufe klar geregelt sind und Leistungen zuverl\u00e4ssig erbracht werden. Kunden k\u00f6nnen sich darauf verlassen, dass das Unternehmen nach festen Standards arbeitet und gleichbleibende Qualit\u00e4t liefert.<\/p>\n<p>Um zu verstehen, warum ISO 9001 entwickelt wurde, ist es sinnvoll, sich zwei Unternehmen vorzustellen. Eines, in dem ISO 9001 nicht implementiert wird, und das andere, das nach den Prinzipien dieser Norm arbeitet.<\/p>\n<p>Der Einfachheit halber nennen wir die Unternehmen das \u201echaotisch\u201c gef\u00fchrte Unternehmen und das nach ISO 9001 gef\u00fchrte Unternehmen. Das dient dem Verst\u00e4ndnis. Selbstverst\u00e4ndlich sind Unternehmen, die nicht nach ISO 9001 arbeiten, nicht automatisch chaotisch.<\/p>\n<\/div><\/div><\/div><div class=\"fusion-layout-column fusion_builder_column fusion-builder-column-5 fusion_builder_column_1_1 1_1 fusion-flex-column\" style=\"--awb-bg-size:cover;--awb-width-large:100%;--awb-margin-top-large:0px;--awb-spacing-right-large:1.92%;--awb-margin-bottom-large:20px;--awb-spacing-left-large:1.92%;--awb-width-medium:100%;--awb-order-medium:0;--awb-spacing-right-medium:1.92%;--awb-spacing-left-medium:1.92%;--awb-width-small:100%;--awb-order-small:0;--awb-spacing-right-small:1.92%;--awb-spacing-left-small:1.92%;\"><div class=\"fusion-column-wrapper fusion-column-has-shadow fusion-flex-justify-content-flex-start fusion-content-layout-column\">\n<div class=\"table-1\">\n<table width=\"100%\">\n<thead>\n<tr>\n<th align=\"left\">Kategorie<\/th>\n<th align=\"left\"><strong>\u201eChaotisch\u201c gef\u00fchrtes Unternehmen<\/strong><\/th>\n<th align=\"left\"><strong>Nach ISO 9001 gef\u00fchrtes Unternehmen<\/strong><\/th>\n<\/tr>\n<\/thead>\n<tbody>\n<tr>\n<td align=\"left\">Unternehmensstrategie<\/td>\n<td align=\"left\">Das Unternehmen arbeitet wahllos Auftr\u00e4ge ab, die hereinkommen. Unternehmensziele sind nicht definiert. Man nimmt was kommt.<\/td>\n<td align=\"left\">Das Unternehmen hat klare Ziele und Vorstellungen hinsichtlich seines Marktes und seiner Zielgruppe. Es entwickelt seine Angebote entsprechend.<\/td>\n<\/tr>\n<tr>\n<td align=\"left\">Kundenorientierung<\/td>\n<td align=\"left\">Kundenfeedback erreicht das Unternehmen unstrukturiert, mitunter gar nicht. Ob z.B. Kritik an Produkten und Dienstleistungen das Unternehmen erreicht, ist mehr oder weniger Zufall.<\/td>\n<td align=\"left\">Das Unternehmen legt Wert auf einen hohe Kundenorientierung: Kundenzufriedenheit wird regelm\u00e4\u00dfig gemessen, Feedback in strukturierter Art und Weise erhoben.<\/td>\n<\/tr>\n<tr>\n<td align=\"left\">Zust\u00e4ndigkeiten<\/td>\n<td align=\"left\">Im Unternehmen ist irgendwie jede bzw. jeder f\u00fcr alles zust\u00e4ndig. Klare Aufgabenprofile und Kompetenzbereiche gibt es nicht oder sie \u00e4ndern sich st\u00e4ndig.<\/td>\n<td align=\"left\">Durch Aufgaben- und Rollenbeschreibungen ist klar erkennbar, wer wof\u00fcr zust\u00e4ndig ist. F\u00fcr alle Themen gibt es fest definierte Ansprechpartner.<\/td>\n<\/tr>\n<tr>\n<td align=\"left\">Prozesse und Abl\u00e4ufe<\/td>\n<td align=\"left\">Dinge werden mal so und mal so erledigt, es gibt keine fest definierten Prozessschritte und -abl\u00e4ufe. Das Ergebnis eines bestimmten Vorgangs h\u00e4ngt mehr oder weniger vom Engagement und der Tagesstimmung einzelner Besch\u00e4ftigter ab.<\/td>\n<td align=\"left\">F\u00fcr viele oder sogar fast alle Abl\u00e4ufe im Unternehmen gibt es klar beschriebene Vorgehensweisen und eine Beschreibung der zu erzielenden Ergebnisse. Die Erledigung von Sachverhalten ist kein Zufall, sondern strukturiert organisiert.<\/td>\n<\/tr>\n<\/tbody>\n<\/table>\n<\/div>\n<\/div><\/div><div class=\"fusion-layout-column fusion_builder_column fusion-builder-column-6 fusion_builder_column_1_1 1_1 fusion-flex-column\" style=\"--awb-bg-size:cover;--awb-width-large:100%;--awb-margin-top-large:0px;--awb-spacing-right-large:1.92%;--awb-margin-bottom-large:20px;--awb-spacing-left-large:1.92%;--awb-width-medium:100%;--awb-order-medium:0;--awb-spacing-right-medium:1.92%;--awb-spacing-left-medium:1.92%;--awb-width-small:100%;--awb-order-small:0;--awb-spacing-right-small:1.92%;--awb-spacing-left-small:1.92%;\"><div class=\"fusion-column-wrapper fusion-column-has-shadow fusion-flex-justify-content-flex-start fusion-content-layout-column\"><div class=\"fusion-text fusion-text-3\"><p>Die Gegen\u00fcberstellung dieser beiden fiktiven Unternehmen soll \u2013 etwas \u00fcberspitzt \u2013 den Kern von ISO 9001 darstellen.<\/p>\n<ul>\n<li>Der Idealzustand, den ein Unternehmen durch die Einf\u00fchrung eines Managementsystems nach ISO 9001 erreicht, ist die eigenst\u00e4ndige Weiterentwicklung.<\/li>\n<li>Spitzenleistung ist kein Zufall, sondern organisatorisch verankert.<\/li>\n<li>Die Weiterentwicklung eines Unternehmens hinsichtlich schlankerer <a href=\"https:\/\/www.dicisgroup.com\/de\/was-sind-geschaeftsprozesse\/\">Gesch\u00e4ftsprozesse<\/a>, sinkender Kosten durch einen <a href=\"https:\/\/www.dicisgroup.com\/de\/kvp-kontinuierlicher-verbesserungsprozess\/\">kontinuierlichen Verbesserungsprozess<\/a> und <a href=\"https:\/\/www.dicisgroup.com\/de\/prozessoptimierung\/\">Prozessoptimierung<\/a> erfolgt praktisch aus sich selbst heraus, weil es in der DNA eines Unternehmens verankert ist und von allen Mitarbeitern und Mitarbeiterinnen gelebt wird.<\/li>\n<\/ul>\n<\/div><\/div><\/div><\/div><\/div><div class=\"fusion-fullwidth fullwidth-box fusion-builder-row-4 fusion-flex-container has-pattern-background has-mask-background nonhundred-percent-fullwidth non-hundred-percent-height-scrolling\" style=\"--awb-border-radius-top-left:0px;--awb-border-radius-top-right:0px;--awb-border-radius-bottom-right:0px;--awb-border-radius-bottom-left:0px;--awb-background-color:var(--awb-custom_color_3);--awb-flex-wrap:wrap;\" ><div class=\"fusion-builder-row fusion-row fusion-flex-align-items-flex-start fusion-flex-content-wrap\" style=\"max-width:1216.8px;margin-left: calc(-4% \/ 2 );margin-right: calc(-4% \/ 2 );\"><div class=\"fusion-layout-column fusion_builder_column fusion-builder-column-7 fusion_builder_column_1_1 1_1 fusion-flex-column\" style=\"--awb-bg-size:cover;--awb-width-large:100%;--awb-margin-top-large:0px;--awb-spacing-right-large:1.92%;--awb-margin-bottom-large:20px;--awb-spacing-left-large:1.92%;--awb-width-medium:100%;--awb-order-medium:0;--awb-spacing-right-medium:1.92%;--awb-spacing-left-medium:1.92%;--awb-width-small:100%;--awb-order-small:0;--awb-spacing-right-small:1.92%;--awb-spacing-left-small:1.92%;\"><div class=\"fusion-column-wrapper fusion-column-has-shadow fusion-flex-justify-content-flex-start fusion-content-layout-column\"><div class=\"fusion-title title fusion-title-4 fusion-sep-none fusion-title-text fusion-title-size-two\" style=\"--awb-margin-top-small:0px;--awb-margin-right-small:0px;--awb-margin-bottom-small:20px;--awb-margin-left-small:0px;\"><h2 class=\"fusion-title-heading title-heading-left fusion-responsive-typography-calculated\" style=\"margin:0;--fontSize:28;line-height:1.21;\"><h2>Warum l\u00e4sst ISO 9001:2026 so viele Interpretationsspielr\u00e4ume?<\/h2><\/h2><\/div><\/div><\/div><div class=\"fusion-layout-column fusion_builder_column fusion-builder-column-8 fusion_builder_column_1_1 1_1 fusion-flex-column\" style=\"--awb-bg-size:cover;--awb-width-large:100%;--awb-margin-top-large:0px;--awb-spacing-right-large:1.92%;--awb-margin-bottom-large:20px;--awb-spacing-left-large:1.92%;--awb-width-medium:100%;--awb-order-medium:0;--awb-spacing-right-medium:1.92%;--awb-spacing-left-medium:1.92%;--awb-width-small:100%;--awb-order-small:0;--awb-spacing-right-small:1.92%;--awb-spacing-left-small:1.92%;\"><div class=\"fusion-column-wrapper fusion-column-has-shadow fusion-flex-justify-content-flex-start fusion-content-layout-column\"><div class=\"fusion-text fusion-text-4\"><p>Viele F\u00fchrungskr\u00e4fte und Besch\u00e4ftigte in Unternehmen \u2013 aber auch Auditoren und Auditorinnen von Managementsystemen \u2013 machen den Fehler, dass sie eine Norm wie ISO 9001 prim\u00e4r als ein Abarbeiten von Checklisten sehen.<\/p>\n<ul>\n<li>Besteht ein kontinuierlicher Verbesserungsprozess?<\/li>\n<li>Sind im <a href=\"https:\/\/www.dicisgroup.com\/de\/was-ist-prozessmanagement\/\">Prozessmanagement<\/a> alle Abl\u00e4ufe korrekt beschrieben?<\/li>\n<li>Sind alle Stellenbeschreibungen genauestens definiert?<\/li>\n<\/ul>\n<p>Doch das sture Abarbeiten von Checklisten widerspricht dem Geist von ISO 9001!<\/p>\n<p>Vor 2026 war ISO 9001 tats\u00e4chlich deutlich st\u00e4rker durch Formalismen gepr\u00e4gt als heute. So war es bis 2025 beispielsweise erforderlich, Qualit\u00e4tsmanagementbeauftragte im Unternehmen zu etablieren und ein Qualit\u00e4tshandbuch zu erstellen. Das hatte einen enormen b\u00fcrokratischen Aufwand zur Folge, weshalb das Managementsystem \u2013 entgegen dem Willen der <a href=\"https:\/\/www.iso.org\/home.html\" target=\"_blank\" rel=\"noopener noreferrer\">ISO (International Organization for Standardization)<\/a> viele kleine und mittlere Unternehmen nicht erreichte. F\u00fcr sie war der formalistische Aufwand schlicht und ergreifend zu gro\u00df.<\/p>\n<p>Durch die Revision der Norm im Jahr 2015 bietet ISO 9001 Unternehmen einen deutlich gr\u00f6\u00dferen Spielraum. Gerade auch im Hinblick auf die zunehmende Digitalisierung ist heute z.B. kein Qualit\u00e4tsmanagementhandbuch mehr erforderlich. Es ist wichtiger, dass Unternehmen im Geist der Norm handeln, als dass b\u00fcrokratische Formalien erf\u00fcllt werden.<\/p>\n<p>Entsprechend ver\u00e4ndert sich auch die Rolle von Auditoren und Auditorinnen. Verlief ein Audit fr\u00fcher fast wie eine T\u00dcV-Pr\u00fcfung bei einem Kraftfahrzeug streng nach Checkliste, sind Auditoren und Auditorinnen heute vielfach Coaches bei der Anwendung und Umsetzung des Managementsystems.<\/p>\n<p>Nat\u00fcrlich m\u00fcssen sie weiterhin pr\u00fcfen, inwieweit die Regularien von Normen wie ISO 9001 eingehalten werden, jedoch sind die Kriterien zur Erteilung einer ISO-Zertifizierung ebenfalls interpretierbarer als fr\u00fcher.<\/p>\n<\/div><\/div><\/div><\/div><\/div><div class=\"fusion-fullwidth fullwidth-box fusion-builder-row-5 fusion-flex-container has-pattern-background has-mask-background nonhundred-percent-fullwidth non-hundred-percent-height-scrolling\" style=\"--awb-border-radius-top-left:0px;--awb-border-radius-top-right:0px;--awb-border-radius-bottom-right:0px;--awb-border-radius-bottom-left:0px;--awb-margin-bottom:-60px;--awb-background-color:var(--awb-custom_color_3);--awb-flex-wrap:wrap;\" ><div class=\"fusion-builder-row fusion-row fusion-flex-align-items-flex-start fusion-flex-content-wrap\" style=\"max-width:1216.8px;margin-left: calc(-4% \/ 2 );margin-right: calc(-4% \/ 2 );\"><div class=\"fusion-layout-column fusion_builder_column fusion-builder-column-9 fusion_builder_column_1_1 1_1 fusion-flex-column\" style=\"--awb-bg-size:cover;--awb-width-large:100%;--awb-margin-top-large:0px;--awb-spacing-right-large:1.92%;--awb-margin-bottom-large:20px;--awb-spacing-left-large:1.92%;--awb-width-medium:100%;--awb-order-medium:0;--awb-spacing-right-medium:1.92%;--awb-spacing-left-medium:1.92%;--awb-width-small:100%;--awb-order-small:0;--awb-spacing-right-small:1.92%;--awb-spacing-left-small:1.92%;\"><div class=\"fusion-column-wrapper fusion-column-has-shadow fusion-flex-justify-content-flex-start fusion-content-layout-column\"><div class=\"fusion-title title fusion-title-5 fusion-sep-none fusion-title-text fusion-title-size-two\" style=\"--awb-margin-top-small:0px;--awb-margin-right-small:0px;--awb-margin-bottom-small:20px;--awb-margin-left-small:0px;\"><h2 class=\"fusion-title-heading title-heading-left fusion-responsive-typography-calculated\" style=\"margin:0;--fontSize:28;line-height:1.21;\"><strong>Fazit<\/strong>: ISO 9001:2015 hat das Ziel, Unternehmen besser zu machen<\/h2><\/div><\/div><\/div><div class=\"fusion-layout-column fusion_builder_column fusion-builder-column-10 fusion_builder_column_1_1 1_1 fusion-flex-column\" style=\"--awb-bg-size:cover;--awb-width-large:100%;--awb-margin-top-large:0px;--awb-spacing-right-large:1.92%;--awb-margin-bottom-large:20px;--awb-spacing-left-large:1.92%;--awb-width-medium:100%;--awb-order-medium:0;--awb-spacing-right-medium:1.92%;--awb-spacing-left-medium:1.92%;--awb-width-small:100%;--awb-order-small:0;--awb-spacing-right-small:1.92%;--awb-spacing-left-small:1.92%;\"><div class=\"fusion-column-wrapper fusion-column-has-shadow fusion-flex-justify-content-flex-start fusion-content-layout-column\"><div class=\"fusion-text fusion-text-5\"><p>Bringt man es auf den Punkt, l\u00e4sst sich als Kern der ISO 9001-Philosophie folgendes festhalten: Es geht darum, Unternehmen zu gr\u00f6\u00dferem Erfolg und mehr Wachstum zu verhelfen.<\/p>\n<p>Auch andere Normen wie <a href=\"https:\/\/www.innolytics.de\/iso-56002-innovationsmanagement\/\" target=\"_blank\" rel=\"noopener\">ISO 56002<\/a>, die ISO-Norm zum Innovationsmanagement, verfolgen dieses Ziel. Es geht nicht darum, Innovation zu normieren und zu standardisieren, sondern ein Managementsystem zu entwickeln, das Unternehmen bei der Entwicklung neuer und innovativer Wege unterst\u00fctzt.<\/p>\n<p>Dieser ver\u00e4nderte Geist und das Verst\u00e4ndnis von dem, was die Norm eigentlich ist, wird sich in den n\u00e4chsten Jahren weiter durchsetzen. In Zukunft wird <a href=\"https:\/\/www.innolytics.de\/was-ist-qualitaetsmanagement\/\" target=\"_blank\" rel=\"noopener\">Qualit\u00e4tsmanagement<\/a> nach ISO 9001 nicht nur als Checkliste, sondern vor allem auch als Philosophie zum Management exzellent arbeitender Unternehmen verstanden werden.<\/p>\n<\/div><\/div><\/div><\/div><\/div><\/p>\n","protected":false},"excerpt":{"rendered":"","protected":false},"author":2,"featured_media":0,"parent":0,"menu_order":0,"comment_status":"closed","ping_status":"closed","template":"100-width.php","meta":{"footnotes":""},"class_list":["post-198","page","type-page","status-publish","hentry"],"_links":{"self":[{"href":"https:\/\/www.dicisgroup.com\/de\/wp-json\/wp\/v2\/pages\/198","targetHints":{"allow":["GET"]}}],"collection":[{"href":"https:\/\/www.dicisgroup.com\/de\/wp-json\/wp\/v2\/pages"}],"about":[{"href":"https:\/\/www.dicisgroup.com\/de\/wp-json\/wp\/v2\/types\/page"}],"author":[{"embeddable":true,"href":"https:\/\/www.dicisgroup.com\/de\/wp-json\/wp\/v2\/users\/2"}],"replies":[{"embeddable":true,"href":"https:\/\/www.dicisgroup.com\/de\/wp-json\/wp\/v2\/comments?post=198"}],"version-history":[{"count":8,"href":"https:\/\/www.dicisgroup.com\/de\/wp-json\/wp\/v2\/pages\/198\/revisions"}],"predecessor-version":[{"id":1737,"href":"https:\/\/www.dicisgroup.com\/de\/wp-json\/wp\/v2\/pages\/198\/revisions\/1737"}],"wp:attachment":[{"href":"https:\/\/www.dicisgroup.com\/de\/wp-json\/wp\/v2\/media?parent=198"}],"curies":[{"name":"wp","href":"https:\/\/api.w.org\/{rel}","templated":true}]}}