{"id":532,"date":"2026-04-03T15:14:25","date_gmt":"2026-04-03T13:14:25","guid":{"rendered":"https:\/\/www.dicis-ag.de\/?page_id=532"},"modified":"2026-04-13T14:36:50","modified_gmt":"2026-04-13T12:36:50","slug":"impressum","status":"publish","type":"page","link":"https:\/\/www.dicisgroup.com\/de\/impressum\/","title":{"rendered":"Impressum"},"content":{"rendered":"<p><div class=\"fusion-fullwidth fullwidth-box fusion-builder-row-1 fusion-flex-container has-pattern-background has-mask-background fusion-parallax-none nonhundred-percent-fullwidth non-hundred-percent-height-scrolling\" style=\"--awb-background-position:center top;--awb-border-radius-top-left:0px;--awb-border-radius-top-right:0px;--awb-border-radius-bottom-right:0px;--awb-border-radius-bottom-left:0px;--awb-padding-top:200px;--awb-padding-bottom:100px;--awb-margin-top:-160px;--awb-background-color:rgba(255,255,255,0);--awb-background-image:linear-gradient(90deg, rgba(15,84,131,0.9) 0%,rgba(16,55,82,0.9) 100%),url(https:\/\/www.dicisgroup.com\/wp-content\/uploads\/2026\/04\/header-background-4.png);;--awb-background-size:cover;--awb-flex-wrap:wrap;\" ><div class=\"fusion-builder-row fusion-row fusion-flex-align-items-center fusion-flex-content-wrap\" style=\"max-width:1216.8px;margin-left: calc(-4% \/ 2 );margin-right: calc(-4% \/ 2 );\"><div class=\"fusion-layout-column fusion_builder_column fusion-builder-column-0 fusion_builder_column_2_3 2_3 fusion-flex-column\" style=\"--awb-bg-size:cover;--awb-width-large:66.666666666667%;--awb-margin-top-large:0px;--awb-spacing-right-large:0%;--awb-margin-bottom-large:20px;--awb-spacing-left-large:2.88%;--awb-width-medium:100%;--awb-order-medium:0;--awb-spacing-right-medium:1.92%;--awb-spacing-left-medium:1.92%;--awb-width-small:100%;--awb-order-small:0;--awb-spacing-right-small:1.92%;--awb-spacing-left-small:1.92%;\" data-scroll-devices=\"small-visibility,medium-visibility,large-visibility\"><div class=\"fusion-column-wrapper fusion-column-has-shadow fusion-flex-justify-content-flex-start fusion-content-layout-column\"><div class=\"fusion-title title fusion-title-1 fusion-sep-none fusion-title-text fusion-title-size-two\" style=\"--awb-text-color:var(--awb-custom_color_3);--awb-margin-top-small:0px;--awb-margin-right-small:0px;--awb-margin-bottom-small:20px;--awb-margin-left-small:0px;--awb-font-size:52px;\"><h2 class=\"fusion-title-heading title-heading-left fusion-responsive-typography-calculated\" style=\"font-family:&quot;Poppins&quot;;font-style:normal;font-weight:700;margin:0;font-size:1em;--fontSize:52;line-height:1.21;\">Impressum<\/h2><\/div><nav class=\"fusion-breadcrumbs fusion-breadcrumbs-1\" style=\"--awb-font-size:16px;--awb-text-hover-color:var(--awb-color5);--awb-text-color:var(--awb-custom_color_2);--awb-breadcrumb-sep:&#039;&gt;&#039;;\" aria-label=\"Breadcrumb\"><ol class=\"awb-breadcrumb-list\"><li class=\"fusion-breadcrumb-item awb-breadcrumb-sep awb-home\" ><a href=\"https:\/\/www.dicisgroup.com\/de\/\" class=\"fusion-breadcrumb-link\"><span >Home<\/span><\/a><\/li><\/ol><\/nav><\/div><\/div><\/div><\/div>\n<div class=\"fusion-fullwidth fullwidth-box fusion-builder-row-2 fusion-flex-container nonhundred-percent-fullwidth non-hundred-percent-height-scrolling\" style=\"--awb-background-position:left top;--awb-border-sizes-top:0px;--awb-border-sizes-bottom:0px;--awb-border-sizes-left:0px;--awb-border-sizes-right:0px;--awb-border-radius-top-left:0px;--awb-border-radius-top-right:0px;--awb-border-radius-bottom-right:0px;--awb-border-radius-bottom-left:0px;--awb-padding-top:20px;--awb-padding-right:0px;--awb-padding-bottom:20px;--awb-padding-left:0px;--awb-margin-bottom:-60px;--awb-background-color:var(--awb-custom_color_3);--awb-flex-wrap:wrap;\" ><div class=\"fusion-builder-row fusion-row fusion-flex-align-items-flex-start fusion-flex-content-wrap\" style=\"max-width:1216.8px;margin-left: calc(-4% \/ 2 );margin-right: calc(-4% \/ 2 );\"><div class=\"fusion-layout-column fusion_builder_column fusion-builder-column-1 fusion_builder_column_1_1 1_1 fusion-flex-column\" style=\"--awb-bg-blend:overlay;--awb-bg-size:cover;--awb-width-large:100%;--awb-margin-top-large:0px;--awb-spacing-right-large:1.92%;--awb-margin-bottom-large:20px;--awb-spacing-left-large:1.92%;--awb-width-medium:100%;--awb-spacing-right-medium:1.92%;--awb-spacing-left-medium:1.92%;--awb-width-small:100%;--awb-spacing-right-small:1.92%;--awb-spacing-left-small:1.92%;\"><div class=\"fusion-column-wrapper fusion-flex-justify-content-flex-start fusion-content-layout-column\"><div class=\"fusion-text fusion-text-1\"><h1 class=\"bodytext\">Impressum<\/h1>\n<h4 class=\"bodytext\">Herausgeber von www.dicisgroup.com<\/h4>\n<p><strong>DICIS <\/strong><strong>AG<\/strong><br \/>\n<strong>vertretungsberechtigter Vorstand:\u00a0<\/strong>Dr. Jens-Uwe Meyer und Steffen K\u00fcgler<br \/>\n<strong>Aufsichtsratsvorsitzender<\/strong>: Dr. Holger Bingmann<br \/>\nGerichtsweg 28<br \/>\n04103 Leipzig<br \/>\nTel.: 0800 &#8211; 107 5 107<br \/>\n(International: +49 30 92038 33892)<\/p>\n<p class=\"bodytext\">Amtsgericht Leipzig; HRB 38455<br \/>\nUmsatzsteuer-ID: DE339611407<\/p>\n<h4 class=\"bodytext\">Inhaltlich Verantwortliche gem\u00e4\u00df \u00a7 10 Absatz 3 MDStV<\/h4>\n<p class=\"bodytext\">Dr. Jens-Uwe Meyer<br \/>\nDICIS AG<br \/>\nGerichtsweg 28<br \/>\n04103 Leipzig<\/p>\n<h4 class=\"bodytext\">Redaktion und Gestaltung<\/h4>\n<p><a href=\"https:\/\/dicis.org\/\" target=\"_blank\" rel=\"noopener\">DICIS AG<\/a><\/p>\n<h4 class=\"bodytext\">Rechtliche Hinweise<\/h4>\n<p class=\"bodytext\">Die in den Internetseiten von dicisgroup.com enthaltenen Informationen und Gestaltung sind urheberrechtlich gesch\u00fctzt. Die Publikation oder Vervielf\u00e4ltigung jedweder Daten durch Dritte bedarf der ausdr\u00fccklichen vorherigen Zustimmung durch die DICIS AG. F\u00fcr Inhalte und Erreichbarkeit der Internetseiten Dritter, zu denen von dicisgroup.com verwiesen wird, tragen die jeweiligen Anbieter die alleinige Verantwortung.<\/p>\n<\/div><\/div><\/div><\/div><\/div><\/p>\n","protected":false},"excerpt":{"rendered":"","protected":false},"author":2,"featured_media":0,"parent":0,"menu_order":0,"comment_status":"closed","ping_status":"closed","template":"100-width.php","meta":{"footnotes":""},"class_list":["post-532","page","type-page","status-publish","hentry"],"_links":{"self":[{"href":"https:\/\/www.dicisgroup.com\/de\/wp-json\/wp\/v2\/pages\/532","targetHints":{"allow":["GET"]}}],"collection":[{"href":"https:\/\/www.dicisgroup.com\/de\/wp-json\/wp\/v2\/pages"}],"about":[{"href":"https:\/\/www.dicisgroup.com\/de\/wp-json\/wp\/v2\/types\/page"}],"author":[{"embeddable":true,"href":"https:\/\/www.dicisgroup.com\/de\/wp-json\/wp\/v2\/users\/2"}],"replies":[{"embeddable":true,"href":"https:\/\/www.dicisgroup.com\/de\/wp-json\/wp\/v2\/comments?post=532"}],"version-history":[{"count":7,"href":"https:\/\/www.dicisgroup.com\/de\/wp-json\/wp\/v2\/pages\/532\/revisions"}],"predecessor-version":[{"id":1246,"href":"https:\/\/www.dicisgroup.com\/de\/wp-json\/wp\/v2\/pages\/532\/revisions\/1246"}],"wp:attachment":[{"href":"https:\/\/www.dicisgroup.com\/de\/wp-json\/wp\/v2\/media?parent=532"}],"curies":[{"name":"wp","href":"https:\/\/api.w.org\/{rel}","templated":true}]}}