{"id":900,"date":"2026-04-09T13:39:54","date_gmt":"2026-04-09T11:39:54","guid":{"rendered":"https:\/\/www.dicisgroup.com\/?page_id=900"},"modified":"2026-04-12T16:18:18","modified_gmt":"2026-04-12T14:18:18","slug":"was-ist-auditmanagement","status":"publish","type":"page","link":"https:\/\/www.dicisgroup.com\/de\/was-ist-auditmanagement\/","title":{"rendered":"Audit Management im Unternehmen \u2013 einfach erkl\u00e4rt | DICIS AG"},"content":{"rendered":"<p><div class=\"fusion-fullwidth fullwidth-box fusion-builder-row-1 fusion-flex-container has-pattern-background has-mask-background fusion-parallax-none nonhundred-percent-fullwidth non-hundred-percent-height-scrolling\" style=\"--awb-background-position:center top;--awb-border-radius-top-left:0px;--awb-border-radius-top-right:0px;--awb-border-radius-bottom-right:0px;--awb-border-radius-bottom-left:0px;--awb-padding-top:200px;--awb-padding-bottom:100px;--awb-margin-top:-160px;--awb-background-color:rgba(255,255,255,0);--awb-background-image:linear-gradient(90deg, rgba(15,84,131,0.9) 0%,rgba(16,55,82,0.9) 100%),url(https:\/\/www.dicisgroup.com\/wp-content\/uploads\/2026\/04\/header-background-4.png);;--awb-background-size:cover;--awb-flex-wrap:wrap;\" ><div class=\"fusion-builder-row fusion-row fusion-flex-align-items-center fusion-flex-content-wrap\" style=\"max-width:1216.8px;margin-left: calc(-4% \/ 2 );margin-right: calc(-4% \/ 2 );\"><div class=\"fusion-layout-column fusion_builder_column fusion-builder-column-0 fusion_builder_column_2_3 2_3 fusion-flex-column\" style=\"--awb-bg-size:cover;--awb-width-large:66.666666666667%;--awb-margin-top-large:0px;--awb-spacing-right-large:0%;--awb-margin-bottom-large:20px;--awb-spacing-left-large:2.88%;--awb-width-medium:100%;--awb-order-medium:0;--awb-spacing-right-medium:1.92%;--awb-spacing-left-medium:1.92%;--awb-width-small:100%;--awb-order-small:0;--awb-spacing-right-small:1.92%;--awb-spacing-left-small:1.92%;\" data-scroll-devices=\"small-visibility,medium-visibility,large-visibility\"><div class=\"fusion-column-wrapper fusion-column-has-shadow fusion-flex-justify-content-flex-start fusion-content-layout-column\"><div class=\"fusion-title title fusion-title-1 fusion-sep-none fusion-title-text fusion-title-size-two\" style=\"--awb-text-color:var(--awb-custom_color_3);--awb-margin-top-small:0px;--awb-margin-right-small:0px;--awb-margin-bottom-small:20px;--awb-margin-left-small:0px;--awb-font-size:52px;\"><h2 class=\"fusion-title-heading title-heading-left fusion-responsive-typography-calculated\" style=\"font-family:&quot;Poppins&quot;;font-style:normal;font-weight:700;margin:0;font-size:1em;--fontSize:52;line-height:1.21;\">Audit Management im Unternehmen \u2013 einfach erkl\u00e4rt | DICIS AG<\/h2><\/div><nav class=\"fusion-breadcrumbs fusion-breadcrumbs-1\" style=\"--awb-font-size:16px;--awb-text-hover-color:var(--awb-color5);--awb-text-color:var(--awb-custom_color_2);--awb-breadcrumb-sep:&#039;&gt;&#039;;\" aria-label=\"Breadcrumb\"><ol class=\"awb-breadcrumb-list\"><li class=\"fusion-breadcrumb-item awb-breadcrumb-sep awb-home\" ><a href=\"https:\/\/www.dicisgroup.com\/de\/\" class=\"fusion-breadcrumb-link\"><span >Home<\/span><\/a><\/li><\/ol><\/nav><\/div><\/div><\/div><\/div>\n<div class=\"fusion-fullwidth fullwidth-box fusion-builder-row-2 fusion-flex-container nonhundred-percent-fullwidth non-hundred-percent-height-scrolling\" style=\"--awb-border-radius-top-left:0px;--awb-border-radius-top-right:0px;--awb-border-radius-bottom-right:0px;--awb-border-radius-bottom-left:0px;--awb-flex-wrap:wrap;\" ><div class=\"fusion-builder-row fusion-row fusion-flex-align-items-flex-start fusion-flex-content-wrap\" style=\"max-width:1216.8px;margin-left: calc(-4% \/ 2 );margin-right: calc(-4% \/ 2 );\"><div class=\"fusion-layout-column fusion_builder_column fusion-builder-column-1 fusion_builder_column_1_1 1_1 fusion-flex-column\" style=\"--awb-bg-size:cover;--awb-width-large:100%;--awb-margin-top-large:0px;--awb-spacing-right-large:1.92%;--awb-margin-bottom-large:20px;--awb-spacing-left-large:1.92%;--awb-width-medium:100%;--awb-order-medium:0;--awb-spacing-right-medium:1.92%;--awb-spacing-left-medium:1.92%;--awb-width-small:100%;--awb-order-small:0;--awb-spacing-right-small:1.92%;--awb-spacing-left-small:1.92%;\"><div class=\"fusion-column-wrapper fusion-column-has-shadow fusion-flex-justify-content-flex-start fusion-content-layout-column\"><div class=\"fusion-title title fusion-title-2 fusion-sep-none fusion-title-text fusion-title-size-one\" style=\"--awb-margin-top-small:0px;--awb-margin-right-small:0px;--awb-margin-bottom-small:20px;--awb-margin-left-small:0px;\"><h1 class=\"fusion-title-heading title-heading-left fusion-responsive-typography-calculated\" style=\"margin:0;--fontSize:36;line-height:1.47;\">Was ist Auditmanagement?<\/h1><\/div><div class=\"fusion-text fusion-text-1\"><p>Auditmanagement umfasst den Prozess der Planung, Durchf\u00fchrung und Auswertung von Audits nach Normen wie <a href=\"https:\/\/www.dicisgroup.com\/de\/was-ist-iso-9001-2026\/\">ISO 9001:2026<\/a> (<a href=\"https:\/\/www.dicisgroup.com\/de\/was-ist-qualitaetsmanagement\/\">Qualit\u00e4tsmanagement<\/a>), ISO <a href=\"https:\/\/www.dicisgroup.com\/de\/was-ist-iso-14001-2026\/\">14001 (Umweltmanagement)<\/a> oder ISO 27001 (<a href=\"https:\/\/www.dicisgroup.com\/de\/was-ist-ein-informationssicherheitsmanagementsystem\/\">Informationssicherheitsmanagementsystem<\/a>).<\/p>\n<\/div><div class=\"fusion-text fusion-text-2\"><p>Die Einf\u00fchrung eines Auditmanagements ist integraler Bestandteil von <a href=\"https:\/\/www.dicisgroup.com\/de\/was-ist-ein-qualitaetsmanagementsystem\/\">Qualit\u00e4tsmanagementsystemen<\/a>, des <a href=\"https:\/\/www.dicisgroup.com\/de\/was-ist-risikomanagement\/\">Risikomanagements<\/a>, des <a href=\"https:\/\/www.dicisgroup.com\/de\/was-ist-prozessmanagement\/\">Prozessmanagements<\/a> beziehungsweise eines <a href=\"https:\/\/www.dicisgroup.com\/de\/was-ist-ein-integriertes-managementsystem\/\">integrierten Managementsystems<\/a>.<\/p>\n<p>In diesem Artikel erfahren Sie, wie Sie mit Hilfe eines Auditmanagements interne Audits und Lieferantenaudits vorbereiten, durchf\u00fchren und auswerten k\u00f6nnen.<\/p>\n<\/div><\/div><\/div><\/div><\/div><div class=\"fusion-fullwidth fullwidth-box fusion-builder-row-3 fusion-flex-container nonhundred-percent-fullwidth non-hundred-percent-height-scrolling\" style=\"--awb-border-radius-top-left:0px;--awb-border-radius-top-right:0px;--awb-border-radius-bottom-right:0px;--awb-border-radius-bottom-left:0px;--awb-flex-wrap:wrap;\" ><div class=\"fusion-builder-row fusion-row fusion-flex-align-items-flex-start fusion-flex-content-wrap\" style=\"max-width:1216.8px;margin-left: calc(-4% \/ 2 );margin-right: calc(-4% \/ 2 );\"><div class=\"fusion-layout-column fusion_builder_column fusion-builder-column-2 fusion_builder_column_1_1 1_1 fusion-flex-column\" style=\"--awb-bg-size:cover;--awb-width-large:100%;--awb-margin-top-large:0px;--awb-spacing-right-large:1.92%;--awb-margin-bottom-large:20px;--awb-spacing-left-large:1.92%;--awb-width-medium:100%;--awb-order-medium:0;--awb-spacing-right-medium:1.92%;--awb-spacing-left-medium:1.92%;--awb-width-small:100%;--awb-order-small:0;--awb-spacing-right-small:1.92%;--awb-spacing-left-small:1.92%;\"><div class=\"fusion-column-wrapper fusion-column-has-shadow fusion-flex-justify-content-flex-start fusion-content-layout-column\"><div class=\"fusion-title title fusion-title-3 fusion-sep-none fusion-title-text fusion-title-size-two\" style=\"--awb-margin-top-small:0px;--awb-margin-right-small:0px;--awb-margin-bottom-small:20px;--awb-margin-left-small:0px;\"><h2 class=\"fusion-title-heading title-heading-left fusion-responsive-typography-calculated\" style=\"margin:0;--fontSize:28;line-height:1.21;\"><h2>Wie muss ich Audits planen und vorbereiten?<\/h2><\/h2><\/div><\/div><\/div><div class=\"fusion-layout-column fusion_builder_column fusion-builder-column-3 fusion_builder_column_1_1 1_1 fusion-flex-column\" style=\"--awb-bg-size:cover;--awb-width-large:100%;--awb-margin-top-large:0px;--awb-spacing-right-large:1.92%;--awb-margin-bottom-large:20px;--awb-spacing-left-large:1.92%;--awb-width-medium:100%;--awb-order-medium:0;--awb-spacing-right-medium:1.92%;--awb-spacing-left-medium:1.92%;--awb-width-small:100%;--awb-order-small:0;--awb-spacing-right-small:1.92%;--awb-spacing-left-small:1.92%;\"><div class=\"fusion-column-wrapper fusion-column-has-shadow fusion-flex-justify-content-flex-start fusion-content-layout-column\"><div class=\"fusion-text fusion-text-3\"><p>Normen wie ISO 9001:2026 beinhalten klare Vorgaben, wie ein Auditprogramm im Rahmen eines Auditmanagements gestaltet und aufgebaut werden muss.<\/p>\n<\/div><ul style=\"--awb-size:16px;--awb-iconcolor:#ff6600;--awb-line-height:27.2px;--awb-icon-width:27.2px;--awb-icon-height:27.2px;--awb-icon-margin:11.2px;--awb-content-margin:38.4px;\" class=\"fusion-checklist fusion-checklist-1 fusion-checklist-default type-icons\"><li class=\"fusion-li-item\" style=\"\"><span class=\"icon-wrapper circle-no\"><i class=\"fusion-li-icon fa-calendar-alt fas\" aria-hidden=\"true\"><\/i><\/span><div class=\"fusion-li-item-content\">\n<p>Audits m\u00fcssen im Voraus geplant und terminiert werden.<\/p>\n<\/div><\/li><li class=\"fusion-li-item\" style=\"\"><span class=\"icon-wrapper circle-no\"><i class=\"fusion-li-icon fa-user-edit fas\" aria-hidden=\"true\"><\/i><\/span><div class=\"fusion-li-item-content\">\n<p>Es m\u00fcssen fachlich qualifizierte Personen mit der Durchf\u00fchrung betraut werden.<\/p>\n<\/div><\/li><li class=\"fusion-li-item\" style=\"\"><span class=\"icon-wrapper circle-no\"><i class=\"fusion-li-icon fa-people-arrows fas\" aria-hidden=\"true\"><\/i><\/span><div class=\"fusion-li-item-content\">\n<p>Sichergestellt werden muss u.a. eine fachliche Unabh\u00e4ngigkeit und Unparteilichkeit.<\/p>\n<\/div><\/li><li class=\"fusion-li-item\" style=\"\"><span class=\"icon-wrapper circle-no\"><i class=\"fusion-li-icon fa-search fas\" aria-hidden=\"true\"><\/i><\/span><div class=\"fusion-li-item-content\">\n<p>Es muss festgelegt werden, was in welchem Bereich auditiert werden soll. So wird beispielsweise bei einem Systemaudit \u00fcberpr\u00fcft, inwieweit z.B. die Arbeit in einem bestimmten Bereich den Vorgaben von ISO 9001 entspricht.<\/p>\n<\/div><\/li><li class=\"fusion-li-item\" style=\"\"><span class=\"icon-wrapper circle-no\"><i class=\"fusion-li-icon fa-question fas\" aria-hidden=\"true\"><\/i><\/span><div class=\"fusion-li-item-content\">\n<p>Fragestellungen m\u00fcssen ausgew\u00e4hlt werden.<\/p>\n<\/div><\/li><\/ul><\/div><\/div><\/div><\/div><div class=\"fusion-fullwidth fullwidth-box fusion-builder-row-4 fusion-flex-container nonhundred-percent-fullwidth non-hundred-percent-height-scrolling\" style=\"--awb-border-radius-top-left:0px;--awb-border-radius-top-right:0px;--awb-border-radius-bottom-right:0px;--awb-border-radius-bottom-left:0px;--awb-flex-wrap:wrap;\" ><div class=\"fusion-builder-row fusion-row fusion-flex-align-items-flex-start fusion-flex-content-wrap\" style=\"max-width:1216.8px;margin-left: calc(-4% \/ 2 );margin-right: calc(-4% \/ 2 );\"><div class=\"fusion-layout-column fusion_builder_column fusion-builder-column-4 fusion_builder_column_1_1 1_1 fusion-flex-column\" style=\"--awb-bg-size:cover;--awb-width-large:100%;--awb-margin-top-large:0px;--awb-spacing-right-large:1.92%;--awb-margin-bottom-large:20px;--awb-spacing-left-large:1.92%;--awb-width-medium:100%;--awb-order-medium:0;--awb-spacing-right-medium:1.92%;--awb-spacing-left-medium:1.92%;--awb-width-small:100%;--awb-order-small:0;--awb-spacing-right-small:1.92%;--awb-spacing-left-small:1.92%;\"><div class=\"fusion-column-wrapper fusion-column-has-shadow fusion-flex-justify-content-flex-start fusion-content-layout-column\"><div class=\"fusion-title title fusion-title-4 fusion-sep-none fusion-title-text fusion-title-size-two\" style=\"--awb-margin-top-small:0px;--awb-margin-right-small:0px;--awb-margin-bottom-small:20px;--awb-margin-left-small:0px;\"><h2 class=\"fusion-title-heading title-heading-left fusion-responsive-typography-calculated\" style=\"margin:0;--fontSize:28;line-height:1.21;\"><h2>Wie f\u00fchre ich Audits durch?<\/h2><\/h2><\/div><\/div><\/div><div class=\"fusion-layout-column fusion_builder_column fusion-builder-column-5 fusion_builder_column_1_1 1_1 fusion-flex-column\" style=\"--awb-bg-size:cover;--awb-width-large:100%;--awb-margin-top-large:0px;--awb-spacing-right-large:1.92%;--awb-margin-bottom-large:20px;--awb-spacing-left-large:1.92%;--awb-width-medium:100%;--awb-order-medium:0;--awb-spacing-right-medium:1.92%;--awb-spacing-left-medium:1.92%;--awb-width-small:100%;--awb-order-small:0;--awb-spacing-right-small:1.92%;--awb-spacing-left-small:1.92%;\"><div class=\"fusion-column-wrapper fusion-column-has-shadow fusion-flex-justify-content-flex-start fusion-content-layout-column\"><div class=\"fusion-text fusion-text-4\"><p data-start=\"33\" data-end=\"329\">Ein Audit bedeutet, dass Sie pr\u00fcfen, ob in Ihrem Unternehmen alles so l\u00e4uft, wie es soll. Daf\u00fcr w\u00e4hlen Sie ein Thema, stellen gezielte Fragen und schauen sich die Abl\u00e4ufe an \u2013 vor Ort oder online. Am Ende bewerten Sie die Ergebnisse und leiten Verbesserungen ab.<\/p>\n<\/div><ul style=\"--awb-size:16px;--awb-iconcolor:#ff6600;--awb-line-height:27.2px;--awb-icon-width:27.2px;--awb-icon-height:27.2px;--awb-icon-margin:11.2px;--awb-content-margin:38.4px;\" class=\"fusion-checklist fusion-checklist-2 fusion-checklist-default type-icons\"><li class=\"fusion-li-item\" style=\"\"><span class=\"icon-wrapper circle-no\"><i class=\"fusion-li-icon fa-map-marker fas\" aria-hidden=\"true\"><\/i><\/span><div class=\"fusion-li-item-content\">\n<p><strong data-start=\"371\" data-end=\"414\">1. Festlegen, was auditiert werden soll<\/strong><br data-start=\"414\" data-end=\"417\" \/>W\u00e4hlen Sie einen Bereich aus, z. B. einen Prozess oder ein Thema wie Qualit\u00e4t oder Sicherheit.<\/p>\n<\/div><\/li><li class=\"fusion-li-item\" style=\"\"><span class=\"icon-wrapper circle-no\"><i class=\"fusion-li-icon fa-user-check fas\" aria-hidden=\"true\"><\/i><\/span><div class=\"fusion-li-item-content\">\n<p><strong data-start=\"513\" data-end=\"544\">2. Bestimmen, wer auditiert<\/strong><br data-start=\"544\" data-end=\"547\" \/>Legen Sie fest, wer das Audit durchf\u00fchrt. Idealerweise jemand, der den Bereich kennt, aber neutral pr\u00fcft.<\/p>\n<\/div><\/li><li class=\"fusion-li-item\" style=\"\"><span class=\"icon-wrapper circle-no\"><i class=\"fusion-li-icon fa-question-circle fas\" aria-hidden=\"true\"><\/i><\/span><div class=\"fusion-li-item-content\">\n<p><strong data-start=\"654\" data-end=\"679\">3. Fragen vorbereiten<\/strong><br data-start=\"679\" data-end=\"682\" \/>Erstellen Sie einfache Leitfragen, z. B.: Wird der Prozess so umgesetzt wie geplant?<\/p>\n<\/div><\/li><li class=\"fusion-li-item\" style=\"\"><span class=\"icon-wrapper circle-no\"><i class=\"fusion-li-icon fa-cog fas\" aria-hidden=\"true\"><\/i><\/span><div class=\"fusion-li-item-content\">\n<p data-start=\"768\" data-end=\"905\"><strong data-start=\"768\" data-end=\"814\">4. Audit durchf\u00fchren (vor Ort oder remote)<\/strong><br data-start=\"814\" data-end=\"817\" \/>Sprechen Sie mit Mitarbeitern, schauen Sie sich Abl\u00e4ufe an und pr\u00fcfen Sie die Umsetzung.<\/p>\n<\/div><\/li><li class=\"fusion-li-item\" style=\"\"><span class=\"icon-wrapper circle-no\"><i class=\"fusion-li-icon fa-file-alt fas\" aria-hidden=\"true\"><\/i><\/span><div class=\"fusion-li-item-content\">\n<p data-start=\"907\" data-end=\"993\"><strong data-start=\"907\" data-end=\"934\">5. Ergebnisse auswerten<\/strong><br data-start=\"934\" data-end=\"937\" \/>Bewerten Sie, was gut l\u00e4uft und wo es Abweichungen gibt.<\/p>\n<\/div><\/li><li class=\"fusion-li-item\" style=\"\"><span class=\"icon-wrapper circle-no\"><i class=\"fusion-li-icon fa-file-alt fas\" aria-hidden=\"true\"><\/i><\/span><div class=\"fusion-li-item-content\">\n<p data-start=\"907\" data-end=\"993\"><strong data-start=\"995\" data-end=\"1020\">6. Ma\u00dfnahmen ableiten<\/strong><br data-start=\"1020\" data-end=\"1023\" \/>Legen Sie fest, was verbessert werden soll und wer sich darum k\u00fcmmert.<\/p>\n<\/div><\/li><\/ul><\/div><\/div><div class=\"fusion-layout-column fusion_builder_column fusion-builder-column-6 fusion_builder_column_1_1 1_1 fusion-flex-column\" style=\"--awb-bg-size:cover;--awb-width-large:100%;--awb-margin-top-large:0px;--awb-spacing-right-large:1.92%;--awb-margin-bottom-large:20px;--awb-spacing-left-large:1.92%;--awb-width-medium:100%;--awb-order-medium:0;--awb-spacing-right-medium:1.92%;--awb-spacing-left-medium:1.92%;--awb-width-small:100%;--awb-order-small:0;--awb-spacing-right-small:1.92%;--awb-spacing-left-small:1.92%;\"><div class=\"fusion-column-wrapper fusion-column-has-shadow fusion-flex-justify-content-flex-start fusion-content-layout-column\"><div class=\"fusion-text fusion-text-5\"><p>\ud83d\udc49 Ziel: Einfach pr\u00fcfen, verstehen und besser werden \u2013 ohne komplizierte B\u00fcrokratie.<\/p>\n<\/div><\/div><\/div><\/div><\/div><div class=\"fusion-fullwidth fullwidth-box fusion-builder-row-5 fusion-flex-container nonhundred-percent-fullwidth non-hundred-percent-height-scrolling\" style=\"--awb-border-radius-top-left:0px;--awb-border-radius-top-right:0px;--awb-border-radius-bottom-right:0px;--awb-border-radius-bottom-left:0px;--awb-flex-wrap:wrap;\" ><div class=\"fusion-builder-row fusion-row fusion-flex-align-items-flex-start fusion-flex-content-wrap\" style=\"max-width:1216.8px;margin-left: calc(-4% \/ 2 );margin-right: calc(-4% \/ 2 );\"><div class=\"fusion-layout-column fusion_builder_column fusion-builder-column-7 fusion_builder_column_1_1 1_1 fusion-flex-column\" style=\"--awb-bg-size:cover;--awb-width-large:100%;--awb-margin-top-large:0px;--awb-spacing-right-large:1.92%;--awb-margin-bottom-large:20px;--awb-spacing-left-large:1.92%;--awb-width-medium:100%;--awb-order-medium:0;--awb-spacing-right-medium:1.92%;--awb-spacing-left-medium:1.92%;--awb-width-small:100%;--awb-order-small:0;--awb-spacing-right-small:1.92%;--awb-spacing-left-small:1.92%;\"><div class=\"fusion-column-wrapper fusion-column-has-shadow fusion-flex-justify-content-flex-start fusion-content-layout-column\"><div class=\"fusion-title title fusion-title-5 fusion-sep-none fusion-title-text fusion-title-size-two\" style=\"--awb-margin-top-small:0px;--awb-margin-right-small:0px;--awb-margin-bottom-small:20px;--awb-margin-left-small:0px;\"><h2 class=\"fusion-title-heading title-heading-left fusion-responsive-typography-calculated\" style=\"margin:0;--fontSize:28;line-height:1.21;\"><h2>Wie werte ich Audits aus?<\/h2><\/h2><\/div><\/div><\/div><div class=\"fusion-layout-column fusion_builder_column fusion-builder-column-8 fusion_builder_column_1_1 1_1 fusion-flex-column\" style=\"--awb-bg-size:cover;--awb-width-large:100%;--awb-margin-top-large:0px;--awb-spacing-right-large:1.92%;--awb-margin-bottom-large:20px;--awb-spacing-left-large:1.92%;--awb-width-medium:100%;--awb-order-medium:0;--awb-spacing-right-medium:1.92%;--awb-spacing-left-medium:1.92%;--awb-width-small:100%;--awb-order-small:0;--awb-spacing-right-small:1.92%;--awb-spacing-left-small:1.92%;\"><div class=\"fusion-column-wrapper fusion-column-has-shadow fusion-flex-justify-content-flex-start fusion-content-layout-column\"><div class=\"fusion-text fusion-text-6\"><p>F\u00fcr die Dokumentation eines Audits gibt es keine feste Vorgabe in der Norm. Wichtig ist, dass die Ergebnisse so festgehalten werden, dass sie sp\u00e4ter nicht unbemerkt ver\u00e4ndert werden k\u00f6nnen. So bleibt nachvollziehbar, was gepr\u00fcft wurde und welches Ergebnis herauskam.<\/p>\n<p data-start=\"350\" data-end=\"466\">Die ISO verlangt keine bestimmte Form der Dokumentation. Sie k\u00f6nnen ein Audit also einfach und praxisnah festhalten.<\/p>\n<p data-start=\"468\" data-end=\"490\">Wichtig ist vor allem:<\/p>\n<ul data-start=\"492\" data-end=\"711\">\n<li data-section-id=\"w0bmda\" data-start=\"492\" data-end=\"561\">Die Ergebnisse m\u00fcssen <strong data-start=\"516\" data-end=\"554\">klar und verst\u00e4ndlich dokumentiert<\/strong> sein<\/li>\n<li data-section-id=\"1lj1jut\" data-start=\"562\" data-end=\"636\">Sie sollten <strong data-start=\"576\" data-end=\"610\">nicht nachtr\u00e4glich ver\u00e4nderbar<\/strong> sein (f\u00e4lschungssicher)<\/li>\n<li data-section-id=\"1wyloyg\" data-start=\"637\" data-end=\"711\">Es muss erkennbar sein, <strong data-start=\"663\" data-end=\"709\">was gepr\u00fcft wurde und mit welchem Ergebnis<\/strong><\/li>\n<\/ul>\n<p data-start=\"713\" data-end=\"927\" data-is-last-node=\"\" data-is-only-node=\"\">\ud83d\udc49 In der Praxis empfiehlt es sich, die Ergebnisse eines internen Audits in einem Dokument oder direkt in einer Software festzuhalten. So behalten Sie den \u00dcberblick und k\u00f6nnen sp\u00e4ter jederzeit darauf zur\u00fcckgreifen.<\/p>\n<\/div><\/div><\/div><\/div><\/div><\/p>\n","protected":false},"excerpt":{"rendered":"","protected":false},"author":2,"featured_media":0,"parent":0,"menu_order":0,"comment_status":"closed","ping_status":"closed","template":"100-width.php","meta":{"footnotes":""},"class_list":["post-900","page","type-page","status-publish","hentry"],"_links":{"self":[{"href":"https:\/\/www.dicisgroup.com\/de\/wp-json\/wp\/v2\/pages\/900","targetHints":{"allow":["GET"]}}],"collection":[{"href":"https:\/\/www.dicisgroup.com\/de\/wp-json\/wp\/v2\/pages"}],"about":[{"href":"https:\/\/www.dicisgroup.com\/de\/wp-json\/wp\/v2\/types\/page"}],"author":[{"embeddable":true,"href":"https:\/\/www.dicisgroup.com\/de\/wp-json\/wp\/v2\/users\/2"}],"replies":[{"embeddable":true,"href":"https:\/\/www.dicisgroup.com\/de\/wp-json\/wp\/v2\/comments?post=900"}],"version-history":[{"count":11,"href":"https:\/\/www.dicisgroup.com\/de\/wp-json\/wp\/v2\/pages\/900\/revisions"}],"predecessor-version":[{"id":1162,"href":"https:\/\/www.dicisgroup.com\/de\/wp-json\/wp\/v2\/pages\/900\/revisions\/1162"}],"wp:attachment":[{"href":"https:\/\/www.dicisgroup.com\/de\/wp-json\/wp\/v2\/media?parent=900"}],"curies":[{"name":"wp","href":"https:\/\/api.w.org\/{rel}","templated":true}]}}